{"id":25265,"date":"2021-01-29T06:07:03","date_gmt":"2021-01-29T06:07:03","guid":{"rendered":"https:\/\/www.bekoshop.sk\/radyatipy\/?page_id=25265"},"modified":"2023-03-20T13:53:51","modified_gmt":"2023-03-20T13:53:51","slug":"ako-spravne-vybrat-susicku-bielizne","status":"publish","type":"page","link":"https:\/\/www.bekoshop.sk\/radyatipy\/ako-spravne-vybrat-susicku-bielizne\/","title":{"rendered":"Ako spr\u00e1vne vybra\u0165 su\u0161i\u010dku bielizne"},"content":{"rendered":"\n<div class=\"wp-block-cover alignfull\" style=\"min-height:600px;aspect-ratio:unset;\"><span aria-hidden=\"true\" class=\"wp-block-cover__background has-ast-global-color-3-background-color has-background-dim-80 has-background-dim\"><\/span><img loading=\"lazy\" decoding=\"async\" width=\"1920\" height=\"278\" class=\"wp-block-cover__image-background wp-image-26\" alt=\"\" src=\"https:\/\/www.bekoshop.sk\/radyatipy\/wp-content\/uploads\/2022\/12\/beko_obrazok.jpg\" data-object-fit=\"cover\" srcset=\"https:\/\/www.bekoshop.sk\/radyatipy\/wp-content\/uploads\/2022\/12\/beko_obrazok.jpg 1920w, https:\/\/www.bekoshop.sk\/radyatipy\/wp-content\/uploads\/2022\/12\/beko_obrazok-300x43.jpg 300w, https:\/\/www.bekoshop.sk\/radyatipy\/wp-content\/uploads\/2022\/12\/beko_obrazok-1024x148.jpg 1024w, https:\/\/www.bekoshop.sk\/radyatipy\/wp-content\/uploads\/2022\/12\/beko_obrazok-768x111.jpg 768w, https:\/\/www.bekoshop.sk\/radyatipy\/wp-content\/uploads\/2022\/12\/beko_obrazok-1536x222.jpg 1536w\" sizes=\"auto, (max-width: 1920px) 100vw, 1920px\" \/><div class=\"wp-block-cover__inner-container is-layout-flow wp-block-cover-is-layout-flow\">\n<p class=\"has-text-align-center has-large-font-size\"><\/p>\n<\/div><\/div>\n\n\n\n<div class=\"inherit-container-width wp-block-group alignfull has-ast-global-color-5-background-color has-background is-layout-constrained wp-block-group-is-layout-constrained\"><div class=\"wp-block-group__inner-container\">\n<h2 class=\"has-text-align-center wp-block-heading\"><strong>AKO SPR\u00c1VNE VYBRA\u0164 SU\u0160I\u010cKU BIELIZNE<\/strong><\/h2>\n\n\n\n<p>Su\u0161i\u010dka bielizne st\u00e1le nie je samozrejmou s\u00fa\u010das\u0165ou dom\u00e1cnost\u00ed, ako napr. pr\u00e1\u010dka. E\u0161te v roku 2010 bola su\u0161i\u010dka v&nbsp;na\u0161ich zemepisn\u00fdch \u0161\u00edrkach pova\u017eovan\u00e1 za nad\u0161tandard. Argument z\u00e1kazn\u00edkov bol \u201evysok\u00e1 cena\u201c a \u201esu\u0161\u00edm na \u0161n\u00fare cel\u00fd \u017eivot, tak na \u010do to meni\u0165?\u201c Podobne, ako koncom 20. storo\u010dia pri um\u00fdva\u010dk\u00e1ch riadu \u201eum\u00fdvam v&nbsp;ruk\u00e1ch cel\u00fd \u017eivot&#8230;\u201c. Tak, ako sa raketovo roz\u0161\u00edrili um\u00fdva\u010dky a&nbsp;ka\u017ed\u00fd kon\u0161tatuje \u201eako som mohol bez nej v\u00f4bec existova\u0165&#8230;\u201c, tak si postupne na\u0161li svoje miesto v&nbsp;dom\u00e1cnostiach aj su\u0161i\u010dky. Ponuka je naozaj ve\u013emi \u0161irok\u00e1, ale ako si spr\u00e1vne vybra\u0165?<\/p>\n\n\n\n<p><strong>Nedostatok miesta<\/strong><\/p>\n\n\n\n<p>Top argument proti su\u0161i\u010dke je, hlavne v&nbsp;bytoch, nedostatok miesta. Paradoxne, pr\u00e1ve su\u0161i\u010dka V\u00e1m priestor pom\u00f4\u017ee z\u00edska\u0165, preto\u017ee v jesenn\u00fdch a&nbsp;zimn\u00fdch mesiacoch zabudnete na su\u0161iaky v&nbsp;ob\u00fdva\u010dke. Kam v\u0161ak umiestni\u0165 su\u0161i\u010dku? Ide\u00e1lnym miestom je umiestnenie na pr\u00e1\u010dke. Pr\u00e1\u010dka mus\u00ed by\u0165 v&nbsp;tomto pr\u00edpade plnen\u00e1 spredu a&nbsp;mus\u00ed ma\u0165 nejak\u00fa pr\u00edslu\u0161n\u00fa minim\u00e1lnu h\u013abku. \u010eal\u0161ou mo\u017enos\u0165ou je umiestnenie kdeko\u013evek, kde je k&nbsp;dispoz\u00edcii z\u00e1suvka, odvod kondenz\u00e1tu nie je podmienkou. Modern\u00fdm sa st\u00e1va skrytie su\u0161i\u010dky do vstavanej skrine. Rie\u0161en\u00edm m\u00f4\u017ee by\u0165 n\u00e1hrada pr\u00e1\u010dky kombin\u00e1ciou pr\u00e1\u010dka so su\u0161i\u010dkou 2v1.<\/p>\n\n\n\n<p><strong>Vysok\u00e1 spotreba energie<\/strong><\/p>\n\n\n\n<p>Tento protiargument tie\u017e v&nbsp;s\u00favislosti s&nbsp;technologick\u00fdm pokrokom neobstoj\u00ed. Modern\u00e9 su\u0161i\u010dky s&nbsp;tepeln\u00fdm \u010derpadlom prekonali najvy\u0161\u0161iu energetick\u00fa triedu A+++ (platn\u00e1 v&nbsp;roku 2021) o&nbsp;10 % a&nbsp;spotrebuj\u00fa menej energie ako ak\u00e1ko\u013evek naj\u00faspornej\u0161ia \u017eehli\u010dka. Pr\u00e1ve \u017eehlenie dok\u00e1\u017eete su\u0161en\u00edm v&nbsp;su\u0161i\u010dke zna\u010dne obmedzi\u0165. Bielize\u0148 vysu\u0161en\u00e1 v&nbsp;su\u0161i\u010dke je neporovnate\u013ene m\u00e4k\u0161ia v&nbsp;porovnan\u00ed s&nbsp;klasick\u00fdm su\u0161en\u00edm na su\u0161iaku alebo \u0161n\u00fare vonku a&nbsp;mnoho kusov bielizne z modern\u00fdch tkan\u00edn sta\u010d\u00ed po su\u0161en\u00ed iba zlo\u017ei\u0165 do skrine bez \u017eehlenia.<\/p>\n\n\n\n<p><strong>\u010eal\u0161ie pozit\u00edva<\/strong><\/p>\n\n\n\n<p>\u00daspora \u010dasu:&nbsp;bielize\u0148 \u201eprehod\u00edte\u201c z&nbsp;pr\u00e1\u010dky priamo do su\u0161i\u010dky bez ve\u0161ania a&nbsp;vyber\u00e1te ju vysu\u0161en\u00fa za nieko\u013eko hod\u00edn.<\/p>\n\n\n\n<p>Hygiena:&nbsp;\u017eiadne v\u00edrenie prachu pri ve\u0161an\u00ed bielizne, v\u0161etok prach sa zachyt\u00ed vo filtroch. Vy\u0161\u0161ia teplota zlikviduje skoro v\u0161etky bakt\u00e9rie. Filtre si poradia aj s&nbsp;pe\u013eov\u00fdmi \u010dasticami a&nbsp;in\u00fdmi alerg\u00e9nmi.<\/p>\n\n\n\n<p>Aviv\u00e1\u017e viac netreba: bielize\u0148 je prevo\u0148an\u00e1 dostato\u010dne, aviv\u00e1\u017e dokonca m\u00f4\u017ee sp\u00f4sobi\u0165 probl\u00e9my s&nbsp;kondenz\u00e1torom a&nbsp;preto sa jej pou\u017eitie vyslovene neodpor\u00fa\u010da. Ak m\u00e1 niekto r\u00e1d v\u00fdraznej\u0161iu v\u00f4\u0148u, m\u00f4\u017ee pou\u017ei\u0165 vonn\u00e9 kapsule, obr\u00fasky alebo lopti\u010dku, do ktorej sa v\u00f4\u0148a nalieva.<\/p>\n\n\n\n<div style=\"height:32px\" aria-hidden=\"true\" class=\"wp-block-spacer\"><\/div>\n\n\n\n<h3 class=\"has-text-align-center wp-block-heading\">ROZDELENIE POD\u013dA TECHNOL\u00d3GIE<\/h3>\n\n\n\n<hr class=\"wp-block-separator alignwide has-alpha-channel-opacity is-style-default\"\/>\n\n\n\n<p><strong>Ventila\u010dn\u00e9 su\u0161i\u010dky<\/strong><\/p>\n\n\n\n<p>Boli na trhu ako prv\u00e9 a&nbsp;s\u00fa cenovo najdostupnej\u0161ie. Vyrovnaj\u00fa sa cene pr\u00e1\u010dky v&nbsp;rovnakej kateg\u00f3rii. To, \u010do u\u0161etr\u00edte na po\u010diato\u010dnej invest\u00edcii strat\u00edte nesk\u00f4r prev\u00e1dzkou spotrebi\u010da. Su\u0161i\u010dka nas\u00e1va vzduch z okolit\u00e9ho priestoru, ohrieva ho ohrevn\u00fdm telesom a \u201epreh\u00e1\u0148a\u201c cez vlhk\u00fa bielize\u0148. Vlhk\u00fd vzduch vyfukuje do okolit\u00e9ho priestoru, v&nbsp;lep\u0161om pr\u00edpade von \u201ena ulicu\u201c cez v\u00fdfukov\u00fa hadicu s&nbsp;priemerom aspo\u0148 10cm. Je to energeticky najmenej efekt\u00edvne, neestetick\u00e9 a&nbsp;neekologick\u00e9 rie\u0161enie. Beko e\u0161te tak\u00e9to su\u0161i\u010dky vyr\u00e1ba, ale na slovensk\u00fd trh ich nedov\u00e1\u017ea.<\/p>\n\n\n\n<p><strong>Kondenza\u010dn\u00e9 su\u0161i\u010dky<\/strong><\/p>\n\n\n\n<p>V&nbsp;tomto pr\u00edpade vlhkos\u0165 skondenzuje (vyzr\u00e1\u017ea sa) na kondenz\u00e1tore (zr\u00e1\u017eniku), ktor\u00fd je chladnej\u0161\u00ed ako vlhk\u00fd vzduch. Kondenz\u00e1t (vyzr\u00e1\u017ean\u00e1 voda z&nbsp;vlhk\u00e9ho vzduchu) sa uklad\u00e1 do z\u00e1sobn\u00edka, odkia\u013e ju norm\u00e1lne vylejete. T\u00e1to voda sa v\u0161ak m\u00f4\u017ee odv\u00e1dza\u0165 aj do odpadu. Jednoduch\u00e9 a pohodln\u00e9. Na efektivitu vpl\u00fdva sp\u00f4sob chladenia kondenz\u00e1tora. Najjednoduch\u0161\u00edm, najmenej \u00fasporn\u00fdm a&nbsp;\u010dasovo najn\u00e1ro\u010dnej\u0161\u00edm je chladenie vzduchom. Naj\u00faspornej\u0161ie su\u0161i\u010dky na trhu s\u00fa v&nbsp;energetickej triede A. R\u00fdchlej\u0161ie je chladenie vodou. Pou\u017e\u00edva sa najm\u00e4 pri kombin\u00e1cii pr\u00e1\u010dky so su\u0161i\u010dkou. V&nbsp;tomto pr\u00edpade mus\u00edte po\u010d\u00edta\u0165 s&nbsp;vy\u0161\u0161ou spotrebou vody.<\/p>\n\n\n\n<p><strong>Kondenza\u010dn\u00e9 su\u0161i\u010dky s&nbsp;tepeln\u00fdm \u010derpadlom<\/strong><\/p>\n\n\n\n<p>Najvy\u0161\u0161iu energetick\u00fa triedu a&nbsp;najkrat\u0161ie \u010dasy su\u0161enia dosahuj\u00fa su\u0161i\u010dky s&nbsp;tepeln\u00fdm \u010derpadlom. T\u00e1to technol\u00f3gia je navy\u0161e naj\u0161etrnej\u0161ia k&nbsp;su\u0161enej bielizni. Kondenz\u00e1tor je chladen\u00fd mini chladiacim okruhom ako pri chladni\u010dke. Vzduch sa ohrieva teplom, ktor\u00e9 vznikne chodom kompresora chladiaceho okruhu na pribli\u017ene 50 \u00b0C. Kondenz\u00e1tor je vychladen\u00fd na teploty bl\u00edzke 0 \u00b0C. Rozdiel tepl\u00f4t je dostato\u010dn\u00fd na efekt\u00edvne su\u0161enie a&nbsp;n\u00edzka teplota su\u0161enia umo\u017e\u0148uje su\u0161i\u0165 aj tkaniny v&nbsp;minulosti vyslovene zak\u00e1zan\u00e9 (napr. hodv\u00e1b). Tieto su\u0161i\u010dky prekon\u00e1vaj\u00fa najvy\u0161\u0161iu energetick\u00fa triedu A+++ (platn\u00e1 v&nbsp;roku 2021) o&nbsp;10 %. V\u0161etky su\u0161i\u010dky Beko ofici\u00e1lne dov\u00e1\u017ean\u00e9 na slovensk\u00fd trh s\u00fa s tepeln\u00fdm \u010derpadlom.<\/p>\n\n\n\n<p><strong>Hybridn\u00e9 su\u0161i\u010dky<\/strong><\/p>\n\n\n\n<p>S\u00fa vlastne kondenza\u010dn\u00e9 su\u0161i\u010dky s tepeln\u00fdm \u010derpadlom doplnen\u00e9 o&nbsp;pr\u00eddavn\u00e9 ohrevn\u00e9 teleso, ktor\u00fdm dok\u00e1\u017eu zv\u00fd\u0161i\u0165 teplotu vzduchu vysu\u0161uj\u00faceho bielize\u0148. Je to ako fors\u00e1\u017e na aute, \u010dasy potrebn\u00e9 na vysu\u0161enie sa skr\u00e1tia na polovicu za cenu vy\u0161\u0161ej spotreby energie. Ale ak niekedy \u201eide o&nbsp;\u017eivot\u201c na spotrebu sa neh\u013ead\u00ed. Zapnutie pr\u00eddavn\u00e9ho ohrevn\u00e9ho telesa je volite\u013en\u00e1 funkcia, jej spusten\u00edm strat\u00edte asi 2 \u201e+\u201c z&nbsp;energetickej triedy, tzn. z&nbsp;A+++ klesnete na A+, ale z\u00edskate 50 % \u010dasu. Niekedy sa to m\u00f4\u017ee z\u00eds\u0165. Pozor treba da\u0165 na tkaniny citliv\u00e9 na vysok\u00fa teplotu su\u0161enia.<\/p>\n\n\n\n<div style=\"height:32px\" aria-hidden=\"true\" class=\"wp-block-spacer\"><\/div>\n\n\n\n<h3 class=\"has-text-align-center wp-block-heading\"><strong>Samotn\u00fd v\u00fdber<\/strong><\/h3>\n\n\n\n<hr class=\"wp-block-separator alignwide has-alpha-channel-opacity is-style-default\"\/>\n\n\n\n<p><strong>Kapacita su\u0161i\u010dky<\/strong><\/p>\n\n\n\n<p>Kapacitu (max. mo\u017en\u00e9 mno\u017estvo su\u0161enej bielizne) prisp\u00f4sobte pr\u00e1\u010dke, ktor\u00fa u\u017e pravdepodobne doma m\u00e1te alebo pl\u00e1nujete k\u00fapi\u0165. Dvoj\u010dlenn\u00e1 dom\u00e1cnos\u0165 si vysta\u010d\u00ed s&nbsp;6-7 kg pr\u00e1\u010dkou. Su\u0161i\u010dka by mala ma\u0165 kapacitu rovnak\u00fa alebo vy\u0161\u0161iu. Rodiny s de\u0165mi by mali uva\u017eova\u0165 o&nbsp;8 kg a&nbsp;vy\u0161\u0161ej kapacite, pod\u013ea po\u010dtu det\u00ed. Nezabudnite, \u017ee tento parameter hovor\u00ed o&nbsp;hmotnosti suchej bielizne.<\/p>\n\n\n\n<p><strong>Rozmery<\/strong><\/p>\n\n\n\n<p>V\u00fd\u0161ka a&nbsp;\u0161\u00edrka pribli\u017ene 85x60cm s\u00fa viac-menej \u0161tandardom. D\u00f4le\u017eit\u00e1 je h\u013abka. T\u00e1 priamo\u00famerne s\u00favis\u00ed s&nbsp;kapacitou. Najmen\u0161iu h\u013abku dosahuj\u00fa \u201eslim\u201c su\u0161i\u010dky s&nbsp;kapacitou 7 kg. Beko rozli\u0161uje h\u013abku skeletu (samotnej skrine su\u0161i\u010dky) v&nbsp;pr\u00edpade slim 46 cm a&nbsp;celkov\u00fa h\u013abku vr\u00e1tene ovl\u00e1dac\u00edch prvkov (pri slim okolo 50 cm, v&nbsp;z\u00e1vislosti od dizajnu). H\u013abka skeletu je d\u00f4le\u017eit\u00e1 aj pri v\u00fdbere spr\u00e1vnej ve\u017eovej zostavy (su\u0161i\u010dka na pr\u00e1\u010dke). H\u013abka skeletu su\u0161i\u010dky nesmie by\u0165 v\u00e4\u010d\u0161ia ako 10 cm v&nbsp;porovnan\u00ed h\u013abkou skeletu pr\u00e1\u010dky. Bezpe\u010dn\u00e9 umiestnenie na pr\u00e1\u010dku si vy\u017eaduje spr\u00e1vny spojovac\u00ed medzikus.<\/p>\n\n\n\n<p><strong>Spotreba energie a&nbsp;\u00fa\u010dinnos\u0165 kondenz\u00e1cie<\/strong><\/p>\n\n\n\n<p>Na energetickom \u0161t\u00edtku (2021) n\u00e1jdete okrem energetickej triedy aj \u201ero\u010dn\u00fa spotrebu energie\u201c. M\u00f4\u017eete tak z\u00edska\u0165 pribli\u017en\u00fa predstavu o&nbsp;prev\u00e1dzkov\u00fdch n\u00e1kladoch. Ak napr. 7 kg A+++ m\u00e1 spotrebu 160 kWh\/rok v&nbsp;porovnan\u00ed s&nbsp;A++ s&nbsp;210 kWh\/rok, u\u0161etr\u00edte 50 kWh\/rok. Pri s\u00fa\u010dasnej cene energie okolo 0,07 \u20ac\/kWh (2021) V\u00e1m jedno \u201e+\u201c u\u0161etr\u00ed cca 3,50 \u20ac za rok. Cena energie s&nbsp;\u010dasom nekles\u00e1. \u017divotnos\u0165 spotrebi\u010dov sa dnes predpoklad\u00e1 pribli\u017ene na 1000 cyklov. Zauj\u00edmav\u00fd parameter je aj \u00fa\u010dinnos\u0165 kondenz\u00e1cie. Na \u0161t\u00edtku v&nbsp;rozmedz\u00ed A-G, je pri triede A&nbsp;vy\u0161\u0161ia ako 90 %. To\u013eko vlhkosti sa vyzr\u00e1\u017ea na kondenz\u00e1tore a&nbsp;zachyt\u00ed v&nbsp;n\u00e1dobke na kondenz\u00e1t resp. odvedie do odpadu. Zvy\u0161ok unik\u00e1 netesnos\u0165ami do okolit\u00e9ho priestoru.<\/p>\n\n\n\n<p><strong>Hlu\u010dnos\u0165<\/strong><\/p>\n\n\n\n<p>Pod\u013ea toho, kde je su\u0161i\u010dka umiestnen\u00e1 je hlu\u010dnos\u0165 celkom zauj\u00edmav\u00fd parameter. Samotn\u00e9 ot\u00e1\u010danie bubna je len \u010das\u0165ou celkovej hlu\u010dnosti. Hlu\u010dn\u00fd m\u00f4\u017ee by\u0165 ventil\u00e1tor alebo kompresor chladiaceho okruhu pri su\u0161i\u010dk\u00e1ch s&nbsp;tepeln\u00fdm \u010derpadlom. Ve\u013ea z\u00e1vis\u00ed od toho, \u010do su\u0161\u00edte. Cingot be\u017eca zipsu su\u0161enej mikiny je ru\u0161ivej\u0161\u00ed, ako v\u0161etky zvuky dohromady.<\/p>\n\n\n\n<p>ProSmart \u2122 invertorov\u00fd motor je t\u00fdm spr\u00e1vnym srdcom su\u0161i\u010dky. Oproti klasick\u00e9mu motoru m\u00e1 tich\u0161\u00ed chod, spotrebuje menej elektriny a jeho dlh\u00e1 \u017eivotnos\u0165 zaru\u010duje spo\u013eahliv\u00e9 fungovanie su\u0161i\u010dky po nieko\u013eko rokov.<\/p>\n\n\n\n<p><strong>Funkcie<\/strong><\/p>\n\n\n\n<p>Pri h\u013eadan\u00ed si v\u0161\u00edmajte, ak\u00e9 programy a funkcie su\u0161i\u010dka pon\u00faka. \u0160tandardom je senzor, ktor\u00fd sleduje vlhkos\u0165 bielizne a&nbsp;priebe\u017ene prisp\u00f4sobuje \u010das su\u0161enia aktu\u00e1lnej vlhkosti. Samozrejmos\u0165ou by mal by\u0165 displej, na ktorom vid\u00edte \u010das do konca programu. U\u017eito\u010dn\u00e9 m\u00f4\u017eu by\u0165 funkcie nastavenia odlo\u017een\u00e9ho \u0161tartu resp. po\u017eadovan\u00e9ho \u010dasu ukon\u010denia programu. Rovnako nastavenie po\u017eadovanej \u00farovne vysu\u0161enia alebo zr\u00fdchlenie programu pri hybridoch (vi\u010f vy\u0161\u0161ie Hybridn\u00e9 su\u0161i\u010dky).<\/p>\n\n\n\n<p>V&nbsp;dobe Covidovej viacer\u00ed ocenia HygieneShield UV svetlo, ktor\u00e9 v su\u0161i\u010dke pom\u00e1ha odstr\u00e1ni\u0165 bakt\u00e9rie a v\u00edrusy. M\u00f4\u017eete ho pou\u017ei\u0165 po\u010das programu su\u0161enia, alebo aj samostatne pre osvie\u017eenie a dezinfekciu bielizne a oble\u010denia, ktor\u00e9 do su\u0161i\u010dky norm\u00e1lne nepatr\u00ed.<\/p>\n\n\n\n<p>Ani oby\u010dajn\u00e9 osvetlenie bubna nie je na zahodenie. Osvetlenie bubna pom\u00f4\u017ee vybra\u0165 skuto\u010dne v\u0161etko zo su\u0161i\u010dky. Aj zat\u00falan\u00fa pono\u017eku alebo spodn\u00fa bielize\u0148.<\/p>\n\n\n\n<p>U&nbsp;vybran\u00fdch modelov su\u0161i\u010diek Beko m\u00f4\u017eete oto\u010di\u0165 smer otv\u00e1rania dver\u00ed jednoduch\u00fdm prehoden\u00edm p\u00e1ntov. Otv\u00e1ranie su\u0161i\u010dky je tak mo\u017en\u00e9 kedyko\u013evek prisp\u00f4sobi\u0165 in\u00e9mu umiestneniu.<\/p>\n\n\n\n<p><strong>Programy<\/strong><\/p>\n\n\n\n<p>Okrem klasick\u00fdch programov pre bavlnu, syntetiku, vlnu, jemn\u00e9 tkaniny si v\u0161\u00edmajte \u201enie\u010do navy\u0161e\u201c. Modern\u00e9 s\u00fa \u0161peci\u00e1lne programy Outdoor\/\u0161port, perina, hodv\u00e1b, \u010di d\u017e\u00ednsy.<\/p>\n\n\n\n<p>\u017diadanou funkciou je su\u0161enie s&nbsp;podporou pary. Niekedy tkaniny netreba pra\u0165, ale sta\u010d\u00ed ich len osvie\u017ei\u0165. Vstrekovanie pary SteamTherapy pom\u00e1ha lep\u0161iemu osvie\u017eeniu bielizne a obmedzuje pokr\u010denie. V kombin\u00e1cii s IonGuard, ioniz\u00e1torom, ktor\u00fd neutralizuje pachy, dok\u00e1\u017ee su\u0161i\u010dka inak \u010dist\u00e9 oble\u010denie r\u00fdchlo a \u00fa\u010dinne zbavi\u0165 pachov a pokr\u010denia.<\/p>\n\n\n\n<p>No\u010dn\u00fd program su\u0161i\u010diek Beko je a\u017e o&nbsp;50 % tich\u0161\u00ed ako \u0161tandardn\u00fd program. V noci tak m\u00f4\u017eete neru\u0161ene spa\u0165 a r\u00e1no si vzia\u0165 \u010dist\u00e9 a such\u00e9 oble\u010denie.<\/p>\n\n\n\n<p>Program Ko\u0161ele su\u0161\u00ed pri ni\u017e\u0161ej teplote a upraven\u00e9 pohyby bubna chr\u00e1nia pred pokr\u010den\u00edm. Ko\u0161ele s\u00fa \u0161etrne usu\u0161en\u00e9, nedoch\u00e1dza k vyblednutiu farieb a ove\u013ea \u013eah\u0161ie sa \u017eehlia.<\/p>\n\n\n\n<p><strong>Pr\u00edslu\u0161enstvo<\/strong><\/p>\n\n\n\n<p>Mnoh\u00ed z\u00e1kazn\u00edci ve\u013emi oce\u0148uj\u00fa pr\u00edtomnos\u0165 \u0161peci\u00e1lneho ko\u0161a. Mokr\u00e9 tenisky alebo vlnen\u00fd sveter sa nesm\u00fa su\u0161i\u0165 v&nbsp;to\u010diacom sa bubne su\u0161i\u010dky. Treba ich polo\u017ei\u0165 na tento k\u00f4\u0161. Do su\u0161i\u010diek s&nbsp;h\u013abkou 54 a&nbsp;60cm sa d\u00e1 aj dok\u00fapi\u0165. Jednou z&nbsp;posledn\u00fdch Beko vychyt\u00e1vok je rebro AirTouch a&nbsp;funkcia GentleDry. V&nbsp;ka\u017edej su\u0161i\u010dke sa vzduch k&nbsp;bielizni priv\u00e1dza zozadu bubna. Rebro AirTouch tento vzduch \u010diasto\u010dne zachyt\u00e1va a&nbsp;smeruje ho zo strany rebra na obvode bubna. Ak sa rebro zastav\u00ed v&nbsp;spodnej \u010dasti, vzduch f\u00faka zospodu. V&nbsp;tomto pr\u00edpade nepotrebujete ani \u0161peci\u00e1lny k\u00f4\u0161, obuv resp. vlnu umiestnite priamo na AirTouch rebro a&nbsp;zastav\u00edte ot\u00e1\u010danie bubna. Su\u0161enie GentleDry preru\u0161uje ot\u00e1\u010danie bubna s&nbsp;rebrom AirTouch v&nbsp;spodnej polohe. Su\u0161\u00ed sa na\u010falej efekt\u00edvne, ale obmedzenie ot\u00e1\u010dania bubna chr\u00e1ni su\u0161en\u00fa bielize\u0148 pred mechanick\u00fdm opotrebovan\u00edm.<\/p>\n\n\n\n<p>Rovnocennou n\u00e1hradou neodpor\u00fa\u010danej aviv\u00e1\u017ee s\u00fa kapsule FreshCaps pre zjemnenie a prevo\u0148anie bielizne po\u010das su\u0161enia. Jedna kapsula vysta\u010d\u00ed na 30 cyklov su\u0161enia a je mo\u017en\u00e9 si vybra\u0165 z troch v\u00f4n\u00ed &#8211; Fresh, Floral a Ocean. Ak dan\u00fd model nie je vybaven\u00fd dr\u017eiakom na kapsule, alternat\u00edvou s\u00fa lopti\u010dky do ktor\u00fdch sa v\u00f4\u0148a naleje.<\/p>\n\n\n\n<p>Medzikusy sa kupuj\u00fa zvl\u00e1\u0161\u0165. Praktick\u00e9 s\u00fa v\u00fdsuvn\u00e9 verzie, kde si na v\u00fdsuvn\u00fa dosku m\u00f4\u017eete polo\u017ei\u0165 k\u00f4\u0161 s&nbsp;bieliz\u0148ou. SKWS54 je pre su\u0161i\u010dky s&nbsp;h\u013abkou skeletu 54 cm. Podobne SKWS60, pre h\u013abku 60 cm. PSKS je pevn\u00fd medzikus pre slim verzie. Univerz\u00e1lny pevn\u00fd medzikus pre 54 aj 60 cm su\u0161i\u010dky m\u00e1 objedn\u00e1vac\u00ed k\u00f3d 2985400200.<\/p>\n\n\n\n<p><strong>Servis a&nbsp;\u00fadr\u017eba<\/strong><\/p>\n\n\n\n<p>O&nbsp;su\u0161i\u010dku sa treba stara\u0165. Pravideln\u00e9 \u010distenie filtrov a&nbsp;rebier kondenz\u00e1tora zni\u017euje spotrebu energie a&nbsp;predl\u017euje \u017eivotnos\u0165 su\u0161i\u010dky. Filtre su\u0161i\u010diek Beko s\u00fa umiestnen\u00e9 tak, aby sa dali \u013eahko vybra\u0165 a vy\u010disti\u0165. Je mo\u017en\u00e9 ich vybra\u0165 jednoducho, bez pou\u017eitia v\u00e4\u010d\u0161ej sily a \u0161peci\u00e1lneho n\u00e1radia. Pr\u00edstup ku kondenz\u00e1toru je tie\u017e ve\u013emi jednoduch\u00fd, z&nbsp;\u010dasu na \u010das je vhodn\u00e9 ho povys\u00e1va\u0165.<\/p>\n\n\n\n<p>Na vybran\u00e9 modely Beko sa po registr\u00e1cii d\u00e1 z\u00edska\u0165 bezplatn\u00e1 pln\u00e1 5-ro\u010dn\u00e1 z\u00e1ruka. Ku v\u0161etk\u00fdm modelom sa d\u00e1 za 59 \u20ac prik\u00fapi\u0165. Na modely s&nbsp;invertorov\u00fdm motorom sa d\u00e1 z\u00edska\u0165 10-ro\u010dn\u00e1 z\u00e1ruka na motor.<\/p>\n\n\n\n<p>Beko pokr\u00fdva prostredn\u00edctvom vlastn\u00fdch a&nbsp;zmluvn\u00fdch servisn\u00fdch technikov cel\u00e9 \u00fazemie Slovenska.&nbsp;<\/p>\n\n\n\n<div style=\"height:50px\" aria-hidden=\"true\" class=\"wp-block-spacer\"><\/div>\n\n\n\n<div class=\"wp-block-uagb-buttons uagb-buttons__outer-wrap uagb-btn__default-btn uagb-btn-tablet__default-btn uagb-btn-mobile__default-btn uagb-block-1020146c\"><div class=\"uagb-buttons__wrap uagb-buttons-layout-wrap\">\n<div class=\"wp-block-uagb-buttons-child uagb-buttons__outer-wrap uagb-block-3df38974 wp-block-button is-style-outline\"><div class=\"uagb-button__wrapper\"><a class=\"uagb-buttons-repeater wp-block-button__link has-background\" href=\"https:\/\/www.bekoshop.sk\/radyatipy\/\" rel=\"follow noopener\" target=\"_self\"><div class=\"uagb-button__link\">Sp\u00e4\u0165<\/div><\/a><\/div><\/div>\n<\/div><\/div>\n\n\n\n<div style=\"height:20px\" aria-hidden=\"true\" class=\"wp-block-spacer\"><\/div>\n<\/div><\/div>\n","protected":false},"excerpt":{"rendered":"<p>AKO SPR\u00c1VNE VYBRA\u0164 SU\u0160I\u010cKU BIELIZNE Su\u0161i\u010dka bielizne st\u00e1le nie je samozrejmou s\u00fa\u010das\u0165ou dom\u00e1cnost\u00ed, ako napr. pr\u00e1\u010dka. E\u0161te v roku 2010 bola su\u0161i\u010dka v&nbsp;na\u0161ich zemepisn\u00fdch \u0161\u00edrkach pova\u017eovan\u00e1 za nad\u0161tandard. Argument z\u00e1kazn\u00edkov bol \u201evysok\u00e1 cena\u201c a \u201esu\u0161\u00edm na \u0161n\u00fare cel\u00fd \u017eivot, tak na \u010do to meni\u0165?\u201c Podobne, ako koncom 20. storo\u010dia pri um\u00fdva\u010dk\u00e1ch riadu \u201eum\u00fdvam v&nbsp;ruk\u00e1ch cel\u00fd &hellip;<\/p>\n<p class=\"read-more\"> <a class=\"\" href=\"https:\/\/www.bekoshop.sk\/radyatipy\/ako-spravne-vybrat-susicku-bielizne\/\"> <span class=\"screen-reader-text\">Ako spr\u00e1vne vybra\u0165 su\u0161i\u010dku bielizne<\/span> \u010c\u00edtajte viac &raquo;<\/a><\/p>\n","protected":false},"author":1,"featured_media":0,"parent":0,"menu_order":0,"comment_status":"closed","ping_status":"closed","template":"","meta":{"site-sidebar-layout":"no-sidebar","site-content-layout":"plain-container","ast-global-header-display":"","ast-main-header-display":"","ast-hfb-above-header-display":"","ast-hfb-below-header-display":"","ast-hfb-mobile-header-display":"","site-post-title":"disabled","ast-breadcrumbs-content":"","ast-featured-img":"disabled","footer-sml-layout":"","theme-transparent-header-meta":"enabled","adv-header-id-meta":"","stick-header-meta":"","header-above-stick-meta":"","header-main-stick-meta":"","header-below-stick-meta":"","footnotes":""},"class_list":["post-25265","page","type-page","status-publish","hentry"],"uagb_featured_image_src":{"full":false,"thumbnail":false,"medium":false,"medium_large":false,"large":false,"1536x1536":false,"2048x2048":false},"uagb_author_info":{"display_name":"admin","author_link":"https:\/\/www.bekoshop.sk\/radyatipy\/author\/admin\/"},"uagb_comment_info":0,"uagb_excerpt":"AKO SPR\u00c1VNE VYBRA\u0164 SU\u0160I\u010cKU BIELIZNE Su\u0161i\u010dka bielizne st\u00e1le nie je samozrejmou s\u00fa\u010das\u0165ou dom\u00e1cnost\u00ed, ako napr. pr\u00e1\u010dka. E\u0161te v roku 2010 bola su\u0161i\u010dka v&nbsp;na\u0161ich zemepisn\u00fdch \u0161\u00edrkach pova\u017eovan\u00e1 za nad\u0161tandard. Argument z\u00e1kazn\u00edkov bol \u201evysok\u00e1 cena\u201c a \u201esu\u0161\u00edm na \u0161n\u00fare cel\u00fd \u017eivot, tak na \u010do to meni\u0165?\u201c Podobne, ako koncom 20. storo\u010dia pri um\u00fdva\u010dk\u00e1ch riadu \u201eum\u00fdvam v&nbsp;ruk\u00e1ch cel\u00fd&hellip;","_links":{"self":[{"href":"https:\/\/www.bekoshop.sk\/radyatipy\/wp-json\/wp\/v2\/pages\/25265","targetHints":{"allow":["GET"]}}],"collection":[{"href":"https:\/\/www.bekoshop.sk\/radyatipy\/wp-json\/wp\/v2\/pages"}],"about":[{"href":"https:\/\/www.bekoshop.sk\/radyatipy\/wp-json\/wp\/v2\/types\/page"}],"author":[{"embeddable":true,"href":"https:\/\/www.bekoshop.sk\/radyatipy\/wp-json\/wp\/v2\/users\/1"}],"replies":[{"embeddable":true,"href":"https:\/\/www.bekoshop.sk\/radyatipy\/wp-json\/wp\/v2\/comments?post=25265"}],"version-history":[{"count":7,"href":"https:\/\/www.bekoshop.sk\/radyatipy\/wp-json\/wp\/v2\/pages\/25265\/revisions"}],"predecessor-version":[{"id":25572,"href":"https:\/\/www.bekoshop.sk\/radyatipy\/wp-json\/wp\/v2\/pages\/25265\/revisions\/25572"}],"wp:attachment":[{"href":"https:\/\/www.bekoshop.sk\/radyatipy\/wp-json\/wp\/v2\/media?parent=25265"}],"curies":[{"name":"wp","href":"https:\/\/api.w.org\/{rel}","templated":true}]}}