{"id":25264,"date":"2021-01-29T06:07:03","date_gmt":"2021-01-29T06:07:03","guid":{"rendered":"https:\/\/www.bekoshop.sk\/radyatipy\/?page_id=25264"},"modified":"2023-07-28T12:56:33","modified_gmt":"2023-07-28T12:56:33","slug":"home","status":"publish","type":"page","link":"https:\/\/www.bekoshop.sk\/radyatipy\/","title":{"rendered":"Home"},"content":{"rendered":"\n<div style=\"height:90px\" aria-hidden=\"true\" class=\"wp-block-spacer\"><\/div>\n\n\n\n<div class=\"wp-block-cover alignfull is-light uag-hide-mob\" style=\"min-height:318px;aspect-ratio:unset;\"><span aria-hidden=\"true\" class=\"wp-block-cover__background has-background-dim-0 has-background-dim\"><\/span><img loading=\"lazy\" decoding=\"async\" width=\"2560\" height=\"306\" class=\"wp-block-cover__image-background wp-image-25591\" alt=\"\" src=\"https:\/\/www.bekoshop.sk\/radyatipy\/wp-content\/uploads\/2023\/07\/web-banner-tipy-a-triky_uhd-scaled.jpg\" style=\"object-position:50% 50%\" data-object-fit=\"cover\" data-object-position=\"50% 50%\" srcset=\"https:\/\/www.bekoshop.sk\/radyatipy\/wp-content\/uploads\/2023\/07\/web-banner-tipy-a-triky_uhd-scaled.jpg 2560w, https:\/\/www.bekoshop.sk\/radyatipy\/wp-content\/uploads\/2023\/07\/web-banner-tipy-a-triky_uhd-300x36.jpg 300w, https:\/\/www.bekoshop.sk\/radyatipy\/wp-content\/uploads\/2023\/07\/web-banner-tipy-a-triky_uhd-1024x122.jpg 1024w, https:\/\/www.bekoshop.sk\/radyatipy\/wp-content\/uploads\/2023\/07\/web-banner-tipy-a-triky_uhd-768x92.jpg 768w, https:\/\/www.bekoshop.sk\/radyatipy\/wp-content\/uploads\/2023\/07\/web-banner-tipy-a-triky_uhd-1536x184.jpg 1536w, https:\/\/www.bekoshop.sk\/radyatipy\/wp-content\/uploads\/2023\/07\/web-banner-tipy-a-triky_uhd-2048x245.jpg 2048w\" sizes=\"auto, (max-width: 2560px) 100vw, 2560px\" \/><div class=\"wp-block-cover__inner-container is-layout-flow wp-block-cover-is-layout-flow\">\n<div class=\"wp-block-buttons is-layout-flex wp-block-buttons-is-layout-flex\"><\/div>\n<\/div><\/div>\n\n\n\n<div class=\"wp-block-cover alignfull is-light uag-hide-desktop uag-hide-tab\" style=\"min-height:111px;aspect-ratio:unset;\"><span aria-hidden=\"true\" class=\"wp-block-cover__background has-background-dim-0 has-background-dim\"><\/span><img loading=\"lazy\" decoding=\"async\" width=\"2560\" height=\"306\" class=\"wp-block-cover__image-background wp-image-25591\" alt=\"\" src=\"https:\/\/www.bekoshop.sk\/radyatipy\/wp-content\/uploads\/2023\/07\/web-banner-tipy-a-triky_uhd-scaled.jpg\" style=\"object-position:50% 50%\" data-object-fit=\"cover\" data-object-position=\"50% 50%\" srcset=\"https:\/\/www.bekoshop.sk\/radyatipy\/wp-content\/uploads\/2023\/07\/web-banner-tipy-a-triky_uhd-scaled.jpg 2560w, https:\/\/www.bekoshop.sk\/radyatipy\/wp-content\/uploads\/2023\/07\/web-banner-tipy-a-triky_uhd-300x36.jpg 300w, https:\/\/www.bekoshop.sk\/radyatipy\/wp-content\/uploads\/2023\/07\/web-banner-tipy-a-triky_uhd-1024x122.jpg 1024w, https:\/\/www.bekoshop.sk\/radyatipy\/wp-content\/uploads\/2023\/07\/web-banner-tipy-a-triky_uhd-768x92.jpg 768w, https:\/\/www.bekoshop.sk\/radyatipy\/wp-content\/uploads\/2023\/07\/web-banner-tipy-a-triky_uhd-1536x184.jpg 1536w, https:\/\/www.bekoshop.sk\/radyatipy\/wp-content\/uploads\/2023\/07\/web-banner-tipy-a-triky_uhd-2048x245.jpg 2048w\" sizes=\"auto, (max-width: 2560px) 100vw, 2560px\" \/><div class=\"wp-block-cover__inner-container is-layout-flow wp-block-cover-is-layout-flow\">\n<div class=\"wp-block-buttons is-layout-flex wp-block-buttons-is-layout-flex\"><\/div>\n<\/div><\/div>\n\n\n\n<div class=\"inherit-container-width wp-block-group alignfull has-ast-global-color-5-background-color has-background is-layout-constrained wp-block-group-is-layout-constrained\"><div class=\"wp-block-group__inner-container\">\n<div style=\"height:50px\" aria-hidden=\"true\" class=\"wp-block-spacer\"><\/div>\n\n\n\n<hr class=\"wp-block-separator has-text-color has-ast-global-color-1-color has-css-opacity has-ast-global-color-1-background-color has-background aligncenter\"\/>\n\n\n\n<div class=\"wp-block-columns is-layout-flex wp-container-core-columns-is-layout-28f84493 wp-block-columns-is-layout-flex\">\n<div class=\"wp-block-column is-layout-flow wp-block-column-is-layout-flow\">\n<div class=\"wp-block-cover is-light has-custom-content-position is-position-bottom-center\" style=\"min-height:425px;aspect-ratio:unset;\"><span aria-hidden=\"true\" class=\"wp-block-cover__background has-ast-global-color-2-background-color has-background-dim-20 has-background-dim\"><\/span><img loading=\"lazy\" decoding=\"async\" width=\"1779\" height=\"2000\" class=\"wp-block-cover__image-background wp-image-25531\" alt=\"\" src=\"https:\/\/www.bekoshop.sk\/radyatipy\/wp-content\/uploads\/2022\/12\/Artboard-1.jpg\" data-object-fit=\"cover\" srcset=\"https:\/\/www.bekoshop.sk\/radyatipy\/wp-content\/uploads\/2022\/12\/Artboard-1.jpg 1779w, https:\/\/www.bekoshop.sk\/radyatipy\/wp-content\/uploads\/2022\/12\/Artboard-1-267x300.jpg 267w, https:\/\/www.bekoshop.sk\/radyatipy\/wp-content\/uploads\/2022\/12\/Artboard-1-911x1024.jpg 911w, https:\/\/www.bekoshop.sk\/radyatipy\/wp-content\/uploads\/2022\/12\/Artboard-1-768x863.jpg 768w, https:\/\/www.bekoshop.sk\/radyatipy\/wp-content\/uploads\/2022\/12\/Artboard-1-1366x1536.jpg 1366w\" sizes=\"auto, (max-width: 1779px) 100vw, 1779px\" \/><div class=\"wp-block-cover__inner-container is-layout-flow wp-block-cover-is-layout-flow\">\n<div class=\"wp-block-buttons is-layout-flex wp-block-buttons-is-layout-flex\">\n<div class=\"wp-block-button aligncenter\"><a class=\"wp-block-button__link has-background wp-element-button\" href=\"https:\/\/www.bekoshop.sk\/radyatipy\/ako-spravne-vybrat-chladnicku-a-mraznicku\/\" style=\"border-radius:0px;background-color:#0391da\">\u010c\u00edta\u0165 viac<\/a><\/div>\n<\/div>\n<\/div><\/div>\n<\/div>\n\n\n\n<div class=\"wp-block-column is-layout-flow wp-block-column-is-layout-flow\">\n<div class=\"wp-block-cover has-custom-content-position is-position-bottom-center\" style=\"min-height:425px;aspect-ratio:unset;\"><span aria-hidden=\"true\" class=\"wp-block-cover__background has-ast-global-color-2-background-color has-background-dim-20 has-background-dim\"><\/span><img loading=\"lazy\" decoding=\"async\" width=\"1779\" height=\"2000\" class=\"wp-block-cover__image-background wp-image-25532\" alt=\"\" src=\"https:\/\/www.bekoshop.sk\/radyatipy\/wp-content\/uploads\/2022\/12\/Artboard-2.jpg\" data-object-fit=\"cover\" srcset=\"https:\/\/www.bekoshop.sk\/radyatipy\/wp-content\/uploads\/2022\/12\/Artboard-2.jpg 1779w, https:\/\/www.bekoshop.sk\/radyatipy\/wp-content\/uploads\/2022\/12\/Artboard-2-267x300.jpg 267w, https:\/\/www.bekoshop.sk\/radyatipy\/wp-content\/uploads\/2022\/12\/Artboard-2-911x1024.jpg 911w, https:\/\/www.bekoshop.sk\/radyatipy\/wp-content\/uploads\/2022\/12\/Artboard-2-768x863.jpg 768w, https:\/\/www.bekoshop.sk\/radyatipy\/wp-content\/uploads\/2022\/12\/Artboard-2-1366x1536.jpg 1366w\" sizes=\"auto, (max-width: 1779px) 100vw, 1779px\" \/><div class=\"wp-block-cover__inner-container is-layout-flow wp-block-cover-is-layout-flow\">\n<div class=\"wp-block-buttons is-layout-flex wp-block-buttons-is-layout-flex\">\n<div class=\"wp-block-button aligncenter\"><a class=\"wp-block-button__link has-background wp-element-button\" href=\"https:\/\/www.bekoshop.sk\/radyatipy\/ako-spravne-vybrat-susicku-bielizne\/\" style=\"border-radius:0px;background-color:#0391da\">\u010c\u00edta\u0165 viac<\/a><\/div>\n<\/div>\n<\/div><\/div>\n<\/div>\n\n\n\n<div class=\"wp-block-column is-layout-flow wp-block-column-is-layout-flow\"><\/div>\n<\/div>\n\n\n\n<div class=\"wp-block-columns is-layout-flex wp-container-core-columns-is-layout-28f84493 wp-block-columns-is-layout-flex\">\n<div class=\"wp-block-column is-layout-flow wp-block-column-is-layout-flow\"><\/div>\n\n\n\n<div class=\"wp-block-column is-layout-flow wp-block-column-is-layout-flow\"><\/div>\n\n\n\n<div class=\"wp-block-column is-layout-flow wp-block-column-is-layout-flow\"><\/div>\n<\/div>\n<\/div><\/div>\n","protected":false},"excerpt":{"rendered":"","protected":false},"author":1,"featured_media":0,"parent":0,"menu_order":0,"comment_status":"closed","ping_status":"closed","template":"","meta":{"site-sidebar-layout":"no-sidebar","site-content-layout":"plain-container","ast-global-header-display":"","ast-main-header-display":"","ast-hfb-above-header-display":"","ast-hfb-below-header-display":"","ast-hfb-mobile-header-display":"","site-post-title":"disabled","ast-breadcrumbs-content":"","ast-featured-img":"disabled","footer-sml-layout":"","theme-transparent-header-meta":"enabled","adv-header-id-meta":"","stick-header-meta":"","header-above-stick-meta":"","header-main-stick-meta":"","header-below-stick-meta":"","footnotes":""},"class_list":["post-25264","page","type-page","status-publish","hentry"],"uagb_featured_image_src":{"full":false,"thumbnail":false,"medium":false,"medium_large":false,"large":false,"1536x1536":false,"2048x2048":false},"uagb_author_info":{"display_name":"admin","author_link":"https:\/\/www.bekoshop.sk\/radyatipy\/author\/admin\/"},"uagb_comment_info":0,"uagb_excerpt":null,"_links":{"self":[{"href":"https:\/\/www.bekoshop.sk\/radyatipy\/wp-json\/wp\/v2\/pages\/25264","targetHints":{"allow":["GET"]}}],"collection":[{"href":"https:\/\/www.bekoshop.sk\/radyatipy\/wp-json\/wp\/v2\/pages"}],"about":[{"href":"https:\/\/www.bekoshop.sk\/radyatipy\/wp-json\/wp\/v2\/types\/page"}],"author":[{"embeddable":true,"href":"https:\/\/www.bekoshop.sk\/radyatipy\/wp-json\/wp\/v2\/users\/1"}],"replies":[{"embeddable":true,"href":"https:\/\/www.bekoshop.sk\/radyatipy\/wp-json\/wp\/v2\/comments?post=25264"}],"version-history":[{"count":54,"href":"https:\/\/www.bekoshop.sk\/radyatipy\/wp-json\/wp\/v2\/pages\/25264\/revisions"}],"predecessor-version":[{"id":25607,"href":"https:\/\/www.bekoshop.sk\/radyatipy\/wp-json\/wp\/v2\/pages\/25264\/revisions\/25607"}],"wp:attachment":[{"href":"https:\/\/www.bekoshop.sk\/radyatipy\/wp-json\/wp\/v2\/media?parent=25264"}],"curies":[{"name":"wp","href":"https:\/\/api.w.org\/{rel}","templated":true}]}}